{"id":24,"date":"2021-01-22T10:58:18","date_gmt":"2021-01-22T10:58:18","guid":{"rendered":"https:\/\/avadawebsites.wpengine.com\/handyman\/?page_id=24"},"modified":"2025-03-28T19:18:22","modified_gmt":"2025-03-28T19:18:22","slug":"aviso-de-privacidad","status":"publish","type":"page","link":"https:\/\/coahuayana.gob.mx\/index.php\/aviso-de-privacidad\/","title":{"rendered":"Aviso de Privacidad"},"content":{"rendered":"<div class=\"fusion-fullwidth fullwidth-box fusion-builder-row-1 fusion-flex-container has-pattern-background has-mask-background nonhundred-percent-fullwidth non-hundred-percent-height-scrolling\" style=\"--awb-border-radius-top-left:0px;--awb-border-radius-top-right:0px;--awb-border-radius-bottom-right:0px;--awb-border-radius-bottom-left:0px;--awb-padding-top:30px;--awb-padding-bottom:90px;--awb-padding-top-small:0px;--awb-flex-wrap:wrap;\" ><div class=\"awb-background-mask\" style=\"background-image:  url(data:image\/svg+xml;utf8,%3Csvg%20width%3D%221920%22%20height%3D%22954%22%20fill%3D%22none%22%20xmlns%3D%22http%3A%2F%2Fwww.w3.org%2F2000%2Fsvg%22%3E%3Cg%20clip-path%3D%22url%28%23prefix__prefix__clip0_77_23452%29%22%3E%3Cpath%20fill-rule%3D%22evenodd%22%20clip-rule%3D%22evenodd%22%20d%3D%22M1353%20308.5c0%20255.507-131.58%20485.45-341.45%20645.5-187.291%20142.83-436.933%20230-711.05%20230C-280.78%201184-752%20792.025-752%20308.5S-280.78-567%20300.5-567c450.743%200%20835.31%20235.692%20985.3%20567%2043.44%2095.948%2067.2%20199.916%2067.2%20308.5z%22%20fill%3D%22rgba%28226%2C226%2C226%2C1%29%22%2F%3E%3Cpath%20d%3D%22M1321.57%20538C1357.08%20287.516%201273.7%2089.91%201127-.418L1374.18-6c65.77%20100.68-15.89%20431.512-52.61%20544zM312%20955c432.242%200%20746.77-180.667%20850-271-90.34%20157.09-176.766%20246.121-208.688%20271H312z%22%20fill%3D%22rgba%28226%2C226%2C226%2C1%29%22%20fill-opacity%3D%22.25%22%2F%3E%3Cpath%20d%3D%22M1344.5%20427c0-252.4-212.67-390.833-319-428.5H1373c70%2082.4%2010.17%20320-28.5%20428.5z%22%20fill%3D%22rgba%28226%2C226%2C226%2C1%29%22%20fill-opacity%3D%22.1%22%2F%3E%3Cpath%20fill-rule%3D%22evenodd%22%20clip-rule%3D%22evenodd%22%20d%3D%22M1337%20184.5c0%20324.402-198.63%20609.049-497.356%20769.5H0V0h1285.8c-149.99-331.308-534.557-567-985.3-567C-280.78-567-752-175.025-752%20308.5c0%2040.898%203.371%2081.142%209.895%20120.549C-617.527%20811.461-207.995%201092%20278%201092c206.311%200%20398.842-50.56%20561.644-138h171.906C1221.42%20793.95%201353%20564.007%201353%20308.5c0-53.218-5.71-105.326-16.64-155.925.42%2010.596.64%2021.239.64%2031.925z%22%20fill%3D%22rgba%28226%2C226%2C226%2C1%29%22%20fill-opacity%3D%22.5%22%2F%3E%3C%2Fg%3E%3Cdefs%3E%3CclipPath%20id%3D%22prefix__prefix__clip0_77_23452%22%3E%3Cpath%20fill%3D%22rgba%28226%2C226%2C226%2C1%29%22%20d%3D%22M0%200h1920v954H0z%22%2F%3E%3C%2FclipPath%3E%3C%2Fdefs%3E%3C%2Fsvg%3E);opacity: 1 ;transform: scale(1, 1);mix-blend-mode:normal;\"><\/div><div class=\"fusion-builder-row fusion-row fusion-flex-align-items-flex-start fusion-flex-justify-content-center fusion-flex-content-wrap\" style=\"max-width:calc( 1200px + 80px );margin-left: calc(-80px \/ 2 );margin-right: calc(-80px \/ 2 );\"><div class=\"fusion-layout-column fusion_builder_column fusion-builder-column-0 fusion_builder_column_2_3 2_3 fusion-flex-column fusion-animated\" style=\"--awb-bg-size:cover;--awb-width-large:66.666666666667%;--awb-margin-top-large:0px;--awb-spacing-right-large:40px;--awb-margin-bottom-large:20px;--awb-spacing-left-large:40px;--awb-width-medium:66.666666666667%;--awb-order-medium:0;--awb-spacing-right-medium:40px;--awb-spacing-left-medium:40px;--awb-width-small:83.333333333333%;--awb-order-small:0;--awb-spacing-right-small:40px;--awb-spacing-left-small:40px;\" data-animationType=\"fadeInDown\" data-animationDuration=\"1.0\" data-animationOffset=\"top-into-view\"><div class=\"fusion-column-wrapper fusion-column-has-shadow fusion-flex-justify-content-flex-start fusion-content-layout-column\"><div class=\"fusion-title title fusion-title-1 fusion-sep-none fusion-title-center fusion-title-text fusion-title-size-three\" style=\"--awb-margin-bottom:30px;--awb-margin-top-small:10px;--awb-margin-right-small:0px;--awb-margin-bottom-small:10px;--awb-margin-left-small:0px;\"><h3 class=\"fusion-title-heading title-heading-center\" style=\"margin:0;text-transform:capitalize;\">Aviso de Privacidad del Ayuntamiento de Coahuayana<\/h3><\/div><div class=\"fusion-text fusion-text-1\" style=\"--awb-content-alignment:justify;\"><p>El \u00a0Ayuntamiento de Coahuayana , a trav\u00e9s de su \u00a0\u00c1rea de Transparencia , con domicilio en Morelos Pte. 89, Tercero, 60800 Coahuayana de Hidalgo, Mich., es responsable del tratamiento de los datos personales recabados a trav\u00e9s de su portal oficial, redes sociales y otros medios vinculados a sus funciones p\u00fablicas. Este aviso se emite en cumplimiento de la **Ley de Protecci\u00f3n de Datos Personales en Posesi\u00f3n de Sujetos Obligados del Estado de Michoac\u00e1n y las disposiciones del Instituto Michoacano de Transparencia, Acceso a la Informaci\u00f3n y Protecci\u00f3n de Datos Personales (IMAIP).<\/p>\n<p>Finalidad del Tratamiento de Datos Personales<\/p>\n<p>Los datos personales recopilados tienen como objetivo:<\/p>\n<p>1. Atender solicitudes de informaci\u00f3n, tr\u00e1mites, quejas o sugerencias ciudadanas.<br \/>\n2. Cumplir con obligaciones legales y administrativas del Ayuntamiento.<br \/>\n3. Mejorar servicios p\u00fablicos y comunicaci\u00f3n con la ciudadan\u00eda.<br \/>\n4. Generar estad\u00edsticas para la toma de decisiones en pol\u00edticas p\u00fablicas.<\/p>\n<p>Datos Personales Recabados<\/p>\n<p>Podr\u00e1n recabarse:<br \/>\n&#8211; Nombre completo.<br \/>\n&#8211; Domicilio.<br \/>\n&#8211; Tel\u00e9fono y\/o correo electr\u00f3nico.<br \/>\n&#8211; Informaci\u00f3n relacionada con tr\u00e1mites o servicios solicitados.<\/p>\n<p>Fundamento Legal<br \/>\nEl tratamiento se rige por:<br \/>\n&#8211; Constituci\u00f3n Pol\u00edtica de los Estados Unidos Mexicanos.<br \/>\n&#8211; Ley de Protecci\u00f3n de Datos Personales en Posesi\u00f3n de Sujetos Obligados del Estado de Michoac\u00e1n.<br \/>\n&#8211; Ley de Transparencia y Acceso a la Informaci\u00f3n P\u00fablica del Estado.<\/p>\n<p>Transferencia de Datos<br \/>\nSus datos no ser\u00e1n compartidos con terceros, salvo por requerimiento legal o para cumplir con tr\u00e1mites ante instancias gubernamentales.<\/p>\n<p>Derechos ARCO<br \/>\nUsted puede:<br \/>\n&#8211; Acceder , Rectificar , \u00a0Cancelar \u00a0u \u00a0Oponerse al uso de sus datos.<\/p>\n<p>Para ejercer estos derechos, presente una solicitud por escrito en el \u00c1rea de Transparencia del Ayuntamiento o al correo: transparencia@coahuayana.gob.mx . La solicitud debe cumplir con los requisitos legales.<\/p>\n<p>Medidas de Seguridad<br \/>\nImplementamos protocolos administrativos, t\u00e9cnicos y f\u00edsicos para proteger sus datos contra p\u00e9rdida, alteraci\u00f3n o acceso no autorizado.<\/p>\n<p>Actualizaciones al Aviso<\/p>\n<p>El Ayuntamiento podr\u00e1 modificar este aviso. Los cambios se publicar\u00e1n en \u00a0https:\/\/coahuayana.gob.mx y, de ser relevantes, se notificar\u00e1n por los medios proporcionados.<\/p>\n<p>Contacto:<br \/>\nAyuntamiento de Coahuayana<br \/>\nComprometidos con la transparencia y la protecci\u00f3n de sus datos personales.<\/p>\n<\/div><div class=\"fusion-image-element \" style=\"text-align:center;--awb-caption-title-font-family:var(--h2_typography-font-family);--awb-caption-title-font-weight:var(--h2_typography-font-weight);--awb-caption-title-font-style:var(--h2_typography-font-style);--awb-caption-title-size:var(--h2_typography-font-size);--awb-caption-title-transform:var(--h2_typography-text-transform);--awb-caption-title-line-height:var(--h2_typography-line-height);--awb-caption-title-letter-spacing:var(--h2_typography-letter-spacing);\"><span class=\" fusion-imageframe imageframe-none imageframe-1 hover-type-none\"><img decoding=\"async\" width=\"320\" height=\"132\" title=\"negro-coahuayana\" src=\"https:\/\/coahuayana.gob.mx\/wp-content\/uploads\/2025\/03\/negro-coahuayana.png\" data-orig-src=\"http:\/\/74.208.191.112\/Coahuayana\/wp-content\/uploads\/2025\/03\/negro-coahuayana.png\" alt class=\"lazyload img-responsive wp-image-1703\" srcset=\"data:image\/svg+xml,%3Csvg%20xmlns%3D%27http%3A%2F%2Fwww.w3.org%2F2000%2Fsvg%27%20width%3D%27320%27%20height%3D%27132%27%20viewBox%3D%270%200%20320%20132%27%3E%3Crect%20width%3D%27320%27%20height%3D%27132%27%20fill-opacity%3D%220%22%2F%3E%3C%2Fsvg%3E\" data-srcset=\"https:\/\/coahuayana.gob.mx\/wp-content\/uploads\/2025\/03\/negro-coahuayana-200x83.png 200w, https:\/\/coahuayana.gob.mx\/wp-content\/uploads\/2025\/03\/negro-coahuayana.png 320w\" data-sizes=\"auto\" data-orig-sizes=\"(max-width: 640px) 100vw, 320px\" \/><\/span><\/div><\/div><\/div><\/div><\/div>\n","protected":false},"excerpt":{"rendered":"","protected":false},"author":1,"featured_media":0,"parent":0,"menu_order":0,"comment_status":"closed","ping_status":"closed","template":"100-width.php","meta":{"footnotes":""},"class_list":["post-24","page","type-page","status-publish","hentry"],"_links":{"self":[{"href":"https:\/\/coahuayana.gob.mx\/index.php\/wp-json\/wp\/v2\/pages\/24","targetHints":{"allow":["GET"]}}],"collection":[{"href":"https:\/\/coahuayana.gob.mx\/index.php\/wp-json\/wp\/v2\/pages"}],"about":[{"href":"https:\/\/coahuayana.gob.mx\/index.php\/wp-json\/wp\/v2\/types\/page"}],"author":[{"embeddable":true,"href":"https:\/\/coahuayana.gob.mx\/index.php\/wp-json\/wp\/v2\/users\/1"}],"replies":[{"embeddable":true,"href":"https:\/\/coahuayana.gob.mx\/index.php\/wp-json\/wp\/v2\/comments?post=24"}],"version-history":[{"count":7,"href":"https:\/\/coahuayana.gob.mx\/index.php\/wp-json\/wp\/v2\/pages\/24\/revisions"}],"predecessor-version":[{"id":1927,"href":"https:\/\/coahuayana.gob.mx\/index.php\/wp-json\/wp\/v2\/pages\/24\/revisions\/1927"}],"wp:attachment":[{"href":"https:\/\/coahuayana.gob.mx\/index.php\/wp-json\/wp\/v2\/media?parent=24"}],"curies":[{"name":"wp","href":"https:\/\/api.w.org\/{rel}","templated":true}]}}